{"id":2360,"date":"2025-12-09T12:32:43","date_gmt":"2025-12-09T11:32:43","guid":{"rendered":"https:\/\/ooh.urbanvision.com\/?page_id=2360"},"modified":"2025-12-09T16:50:27","modified_gmt":"2025-12-09T15:50:27","slug":"dichiarazione-di-accessibilita","status":"publish","type":"page","link":"https:\/\/ooh.urbanvision.com\/it\/dichiarazione-di-accessibilita\/","title":{"rendered":"Dichiarazione di Accessibilit\u00e0"},"content":{"rendered":"<div class=\"contenuto_pagina\">\n<section class=\"spazio padding-section-block background_white\">\n<div class=\"row \">\n<div class=\"medium-12 columns\">\n<div class=\"text_block\">\n<p>Urban Vision si impegna a rendere il proprio sito web accessibile, conformemente alla legge 9 gennaio 2004, n.4. ed alla Direttiva (UE) 2019\/882, nota come European Accessibility Act (EAA).<\/p>\n<p>La presente dichiarazione di accessibilit\u00e0 si applica a<\/p>\n<p>www.ooh.urbanvision.com<\/p>\n<p><b>Stato di conformit\u00e0<\/b><\/p>\n<p>Parzialmente conforme<\/p>\n<p>Questo sito web \u00e8 parzialmente conforme ai requisiti previsti dall\u2019appendice A della norma UNI CEI EN 301549 in ragione dei casi di non conformit\u00e0 e delle deroghe elencate di seguito.<\/p>\n<p><b>Contenuti non accessibili<\/b><\/p>\n<p>I contenuti di seguito elencati non sono accessibili per il seguente motivo:<\/p>\n<ul>\n<li>inosservanza della legge 9 gennaio 2004, n.4.<\/li>\n<li>inosservanza della Direttiva (UE) 2019\/882, nota come European Accessibility Act (EAA).<\/li>\n<\/ul>\n<p>stiamo lavorando per migliorare l\u2019accessibilit\u00e0 e testando il sito, di seguito l\u2019elenco dei primi contenuti rilevati non ancora accessibili e relativi riferimenti alle WCAG 2.1:<\/p>\n<p><span style=\"font-weight: 400;\"><strong>1.1.1 Contenuti non testuali:<\/strong> Possono essere presenti immagini senza testo alternativo o immagini decorative che potrebbero non essere marcate come tali<\/span><\/p>\n<p><span style=\"font-weight: 400;\"><strong>1.2.1 Solo audio e solo video (preregistrati):<\/strong> Possono essere presenti video senza un&#8217;alternativa accessibile: un&#8217;audio-descrizione oppure una descrizione testuale che contiene le informazioni necessarie per comprendere il contenuto mostrato nel video. Esempio nella pagina progetto &gt; nivea dooh interaction<\/span><\/p>\n<p><span style=\"font-weight: 400;\"><strong>2.4.4 Scopo del collegamento (solo collegamento):<\/strong> I nomi di alcuni link sono comprensibili solo nel contesto visivo in cui sono collocati. Esempio: &#8220;Scopri di pi\u00f9&#8221;.<\/span><\/p>\n<p><b>Metodo utilizzato per redigere la dichiarazione di accessibilit\u00e0<\/b><\/p>\n<p>Valutazione effettuata da terzi con risorse umane esperte di accessibilit\u00e0 digitale e mediante l\u2019utilizzo di tecnologie assistive (screen reader, software ingrandente, display braille, puntatori etc.) in differenti scenari d\u2019uso.<\/p>\n<p><b>Redazione della dichiarazione di accessibilit\u00e0<\/b><\/p>\n<p>La presente dichiarazione \u00e8 stata redatta il 30\/10\/2025.<\/p>\n<p>Le informazioni presenti nella dichiarazione sono state ricavate da una valutazione effettuata da terzi tramite analisi oggettive e soggettive come richiesto dalle linee guida dell\u2019Agenzia Digitale Italiana AgID.<\/p>\n<p>La dichiarazione \u00e8 stata pubblicata il giorno 9\/12\/2025<\/p>\n<p><b>Modalit\u00e0 di invio delle segnalazioni e recapiti del soggetto erogatore<\/b><\/p>\n<p>Recapiti responsabile:\u00a0<a href=\"mailto:info@urbanvision.com\">info@urbanvision.com\u00a0<\/a><\/p>\n<p><b>Modalit\u00e0 di invio delle segnalazioni all\u2019AgID<\/b><\/p>\n<p>In caso di risposta insoddisfacente o di mancata risposta, nel termine di trenta giorni, alla notifica o alla richiesta, l\u2019interessato pu\u00f2 inoltrare una segnalazione utilizzando la modalit\u00e0 indicata nel sito istituzionale di AgID.<\/p>\n<p><b>Obiettivi di accessibilit\u00e0:\u00a0<\/b><\/p>\n<p>Sono in corso analisi pi\u00f9 approfondite al fine di rimediare la maggior parte degli errori di accessibilit\u00e0 rilevati, come da monitor di accessibilit\u00e0 al seguente <a href=\"https:\/\/sitiaccessibili.it\/accessibility-monitor\/sito-ooh-urbanvision-com\">link<\/a><\/p>\n<p><b>Informazioni sul sito<\/b><\/p>\n<ol>\n<li aria-level=\"1\">La data di pubblicazione del sito web: 2025<\/li>\n<li aria-level=\"1\">Sono stati effettuati i test di usabilit\u00e0: s\u00ec<\/li>\n<li aria-level=\"1\">CMS utilizzato per il sito web:\u00a0WordPress<\/li>\n<\/ol>\n<p>&nbsp;<\/p>\n<p><a href=\"https:\/\/sitiaccessibili.it\/accessibility-monitor\/sito-ooh-urbanvision-com\" target=\"_blank\" rel=\"noopener\"><img loading=\"lazy\" decoding=\"async\" class=\"alignnone wp-image-8489 size-medium\" src=\"https:\/\/urbanvision.com\/wp-content\/uploads\/2025\/12\/ACCESSIBILITY-MONITOR-giallo-REG-300x73.png\" sizes=\"auto, (max-width: 300px) 100vw, 300px\" srcset=\"https:\/\/urbanvision.com\/wp-content\/uploads\/2025\/12\/ACCESSIBILITY-MONITOR-giallo-REG-300x73.png 300w, https:\/\/urbanvision.com\/wp-content\/uploads\/2025\/12\/ACCESSIBILITY-MONITOR-giallo-REG-768x187.png 768w, https:\/\/urbanvision.com\/wp-content\/uploads\/2025\/12\/ACCESSIBILITY-MONITOR-giallo-REG.png 1000w\" alt=\"\" width=\"300\" height=\"73\" \/><\/a><\/p>\n<\/div>\n<\/div>\n<\/div>\n<\/section>\n<\/div>\n<footer class=\"footer\" role=\"contentinfo\">\n<div class=\"inner-footer row dflex\">\n<div class=\"small-12 medium-12 large-12 columns\"><\/div>\n<\/div>\n<\/footer>\n","protected":false},"excerpt":{"rendered":"<p>Urban Vision si impegna a rendere il proprio sito web accessibile, conformemente alla legge 9 gennaio 2004, n.4. ed alla Direttiva (UE) 2019\/882, nota come European Accessibility Act (EAA). La presente dichiarazione di accessibilit\u00e0 si applica a www.ooh.urbanvision.com Stato di conformit\u00e0 Parzialmente conforme Questo sito web \u00e8 parzialmente conforme ai requisiti previsti dall\u2019appendice A della<a class=\"excerpt-read-more\" href=\"https:\/\/ooh.urbanvision.com\/it\/dichiarazione-di-accessibilita\/\" title=\"ReadDichiarazione di Accessibilit\u00e0\">&#8230; Read more &raquo;<\/a><\/p>\n","protected":false},"author":5,"featured_media":0,"parent":0,"menu_order":0,"comment_status":"closed","ping_status":"closed","template":"","meta":{"_acf_changed":false,"footnotes":""},"class_list":["post-2360","page","type-page","status-publish","hentry"],"acf":[],"yoast_head":"<!-- This site is optimized with the Yoast SEO plugin v22.2 - https:\/\/yoast.com\/wordpress\/plugins\/seo\/ -->\n<title>Dichiarazione di Accessibilit\u00e0 - Urban Vision<\/title>\n<meta name=\"robots\" content=\"index, follow, max-snippet:-1, max-image-preview:large, max-video-preview:-1\" \/>\n<link rel=\"canonical\" href=\"https:\/\/ooh.urbanvision.com\/it\/dichiarazione-di-accessibilita\/\" \/>\n<meta property=\"og:locale\" content=\"it_IT\" \/>\n<meta property=\"og:type\" content=\"article\" \/>\n<meta property=\"og:title\" content=\"Dichiarazione di Accessibilit\u00e0 - Urban Vision\" \/>\n<meta property=\"og:description\" content=\"Urban Vision si impegna a rendere il proprio sito web accessibile, conformemente alla legge 9 gennaio 2004, n.4. ed alla Direttiva (UE) 2019\/882, nota come European Accessibility Act (EAA). La presente dichiarazione di accessibilit\u00e0 si applica a www.ooh.urbanvision.com Stato di conformit\u00e0 Parzialmente conforme Questo sito web \u00e8 parzialmente conforme ai requisiti previsti dall\u2019appendice A della... Read more &raquo;\" \/>\n<meta property=\"og:url\" content=\"https:\/\/ooh.urbanvision.com\/it\/dichiarazione-di-accessibilita\/\" \/>\n<meta property=\"og:site_name\" content=\"Urban Vision\" \/>\n<meta property=\"article:modified_time\" content=\"2025-12-09T15:50:27+00:00\" \/>\n<meta property=\"og:image\" content=\"https:\/\/urbanvision.com\/wp-content\/uploads\/2025\/12\/ACCESSIBILITY-MONITOR-giallo-REG-300x73.png\" \/>\n<meta name=\"twitter:card\" content=\"summary_large_image\" \/>\n<meta name=\"twitter:label1\" content=\"Tempo di lettura stimato\" \/>\n\t<meta name=\"twitter:data1\" content=\"2 minuti\" \/>\n<script type=\"application\/ld+json\" class=\"yoast-schema-graph\">{\"@context\":\"https:\/\/schema.org\",\"@graph\":[{\"@type\":\"WebPage\",\"@id\":\"https:\/\/ooh.urbanvision.com\/it\/dichiarazione-di-accessibilita\/\",\"url\":\"https:\/\/ooh.urbanvision.com\/it\/dichiarazione-di-accessibilita\/\",\"name\":\"Dichiarazione di Accessibilit\u00e0 - Urban Vision\",\"isPartOf\":{\"@id\":\"https:\/\/ooh.urbanvision.com\/it\/#website\"},\"primaryImageOfPage\":{\"@id\":\"https:\/\/ooh.urbanvision.com\/it\/dichiarazione-di-accessibilita\/#primaryimage\"},\"image\":{\"@id\":\"https:\/\/ooh.urbanvision.com\/it\/dichiarazione-di-accessibilita\/#primaryimage\"},\"thumbnailUrl\":\"https:\/\/urbanvision.com\/wp-content\/uploads\/2025\/12\/ACCESSIBILITY-MONITOR-giallo-REG-300x73.png\",\"datePublished\":\"2025-12-09T11:32:43+00:00\",\"dateModified\":\"2025-12-09T15:50:27+00:00\",\"breadcrumb\":{\"@id\":\"https:\/\/ooh.urbanvision.com\/it\/dichiarazione-di-accessibilita\/#breadcrumb\"},\"inLanguage\":\"it-IT\",\"potentialAction\":[{\"@type\":\"ReadAction\",\"target\":[\"https:\/\/ooh.urbanvision.com\/it\/dichiarazione-di-accessibilita\/\"]}]},{\"@type\":\"ImageObject\",\"inLanguage\":\"it-IT\",\"@id\":\"https:\/\/ooh.urbanvision.com\/it\/dichiarazione-di-accessibilita\/#primaryimage\",\"url\":\"https:\/\/urbanvision.com\/wp-content\/uploads\/2025\/12\/ACCESSIBILITY-MONITOR-giallo-REG-300x73.png\",\"contentUrl\":\"https:\/\/urbanvision.com\/wp-content\/uploads\/2025\/12\/ACCESSIBILITY-MONITOR-giallo-REG-300x73.png\"},{\"@type\":\"BreadcrumbList\",\"@id\":\"https:\/\/ooh.urbanvision.com\/it\/dichiarazione-di-accessibilita\/#breadcrumb\",\"itemListElement\":[{\"@type\":\"ListItem\",\"position\":1,\"name\":\"Home\",\"item\":\"https:\/\/ooh.urbanvision.com\/it\/\"},{\"@type\":\"ListItem\",\"position\":2,\"name\":\"Dichiarazione di Accessibilit\u00e0\"}]},{\"@type\":\"WebSite\",\"@id\":\"https:\/\/ooh.urbanvision.com\/it\/#website\",\"url\":\"https:\/\/ooh.urbanvision.com\/it\/\",\"name\":\"Out of Home\",\"description\":\"\",\"publisher\":{\"@id\":\"https:\/\/ooh.urbanvision.com\/it\/#organization\"},\"alternateName\":\"Urban Vision\",\"potentialAction\":[{\"@type\":\"SearchAction\",\"target\":{\"@type\":\"EntryPoint\",\"urlTemplate\":\"https:\/\/ooh.urbanvision.com\/it\/?s={search_term_string}\"},\"query-input\":\"required name=search_term_string\"}],\"inLanguage\":\"it-IT\"},{\"@type\":\"Organization\",\"@id\":\"https:\/\/ooh.urbanvision.com\/it\/#organization\",\"name\":\"Urban Vision\",\"url\":\"https:\/\/ooh.urbanvision.com\/it\/\",\"logo\":{\"@type\":\"ImageObject\",\"inLanguage\":\"it-IT\",\"@id\":\"https:\/\/ooh.urbanvision.com\/it\/#\/schema\/logo\/image\/\",\"url\":\"https:\/\/ooh.urbanvision.com\/wp-content\/uploads\/2024\/03\/out_of_home.png\",\"contentUrl\":\"https:\/\/ooh.urbanvision.com\/wp-content\/uploads\/2024\/03\/out_of_home.png\",\"width\":221,\"height\":56,\"caption\":\"Urban Vision\"},\"image\":{\"@id\":\"https:\/\/ooh.urbanvision.com\/it\/#\/schema\/logo\/image\/\"}}]}<\/script>\n<!-- \/ Yoast SEO plugin. -->","yoast_head_json":{"title":"Dichiarazione di Accessibilit\u00e0 - Urban Vision","robots":{"index":"index","follow":"follow","max-snippet":"max-snippet:-1","max-image-preview":"max-image-preview:large","max-video-preview":"max-video-preview:-1"},"canonical":"https:\/\/ooh.urbanvision.com\/it\/dichiarazione-di-accessibilita\/","og_locale":"it_IT","og_type":"article","og_title":"Dichiarazione di Accessibilit\u00e0 - Urban Vision","og_description":"Urban Vision si impegna a rendere il proprio sito web accessibile, conformemente alla legge 9 gennaio 2004, n.4. ed alla Direttiva (UE) 2019\/882, nota come European Accessibility Act (EAA). La presente dichiarazione di accessibilit\u00e0 si applica a www.ooh.urbanvision.com Stato di conformit\u00e0 Parzialmente conforme Questo sito web \u00e8 parzialmente conforme ai requisiti previsti dall\u2019appendice A della... Read more &raquo;","og_url":"https:\/\/ooh.urbanvision.com\/it\/dichiarazione-di-accessibilita\/","og_site_name":"Urban Vision","article_modified_time":"2025-12-09T15:50:27+00:00","og_image":[{"url":"https:\/\/urbanvision.com\/wp-content\/uploads\/2025\/12\/ACCESSIBILITY-MONITOR-giallo-REG-300x73.png"}],"twitter_card":"summary_large_image","twitter_misc":{"Tempo di lettura stimato":"2 minuti"},"schema":{"@context":"https:\/\/schema.org","@graph":[{"@type":"WebPage","@id":"https:\/\/ooh.urbanvision.com\/it\/dichiarazione-di-accessibilita\/","url":"https:\/\/ooh.urbanvision.com\/it\/dichiarazione-di-accessibilita\/","name":"Dichiarazione di Accessibilit\u00e0 - Urban Vision","isPartOf":{"@id":"https:\/\/ooh.urbanvision.com\/it\/#website"},"primaryImageOfPage":{"@id":"https:\/\/ooh.urbanvision.com\/it\/dichiarazione-di-accessibilita\/#primaryimage"},"image":{"@id":"https:\/\/ooh.urbanvision.com\/it\/dichiarazione-di-accessibilita\/#primaryimage"},"thumbnailUrl":"https:\/\/urbanvision.com\/wp-content\/uploads\/2025\/12\/ACCESSIBILITY-MONITOR-giallo-REG-300x73.png","datePublished":"2025-12-09T11:32:43+00:00","dateModified":"2025-12-09T15:50:27+00:00","breadcrumb":{"@id":"https:\/\/ooh.urbanvision.com\/it\/dichiarazione-di-accessibilita\/#breadcrumb"},"inLanguage":"it-IT","potentialAction":[{"@type":"ReadAction","target":["https:\/\/ooh.urbanvision.com\/it\/dichiarazione-di-accessibilita\/"]}]},{"@type":"ImageObject","inLanguage":"it-IT","@id":"https:\/\/ooh.urbanvision.com\/it\/dichiarazione-di-accessibilita\/#primaryimage","url":"https:\/\/urbanvision.com\/wp-content\/uploads\/2025\/12\/ACCESSIBILITY-MONITOR-giallo-REG-300x73.png","contentUrl":"https:\/\/urbanvision.com\/wp-content\/uploads\/2025\/12\/ACCESSIBILITY-MONITOR-giallo-REG-300x73.png"},{"@type":"BreadcrumbList","@id":"https:\/\/ooh.urbanvision.com\/it\/dichiarazione-di-accessibilita\/#breadcrumb","itemListElement":[{"@type":"ListItem","position":1,"name":"Home","item":"https:\/\/ooh.urbanvision.com\/it\/"},{"@type":"ListItem","position":2,"name":"Dichiarazione di Accessibilit\u00e0"}]},{"@type":"WebSite","@id":"https:\/\/ooh.urbanvision.com\/it\/#website","url":"https:\/\/ooh.urbanvision.com\/it\/","name":"Out of Home","description":"","publisher":{"@id":"https:\/\/ooh.urbanvision.com\/it\/#organization"},"alternateName":"Urban Vision","potentialAction":[{"@type":"SearchAction","target":{"@type":"EntryPoint","urlTemplate":"https:\/\/ooh.urbanvision.com\/it\/?s={search_term_string}"},"query-input":"required name=search_term_string"}],"inLanguage":"it-IT"},{"@type":"Organization","@id":"https:\/\/ooh.urbanvision.com\/it\/#organization","name":"Urban Vision","url":"https:\/\/ooh.urbanvision.com\/it\/","logo":{"@type":"ImageObject","inLanguage":"it-IT","@id":"https:\/\/ooh.urbanvision.com\/it\/#\/schema\/logo\/image\/","url":"https:\/\/ooh.urbanvision.com\/wp-content\/uploads\/2024\/03\/out_of_home.png","contentUrl":"https:\/\/ooh.urbanvision.com\/wp-content\/uploads\/2024\/03\/out_of_home.png","width":221,"height":56,"caption":"Urban Vision"},"image":{"@id":"https:\/\/ooh.urbanvision.com\/it\/#\/schema\/logo\/image\/"}}]}},"_links":{"self":[{"href":"https:\/\/ooh.urbanvision.com\/it\/wp-json\/wp\/v2\/pages\/2360","targetHints":{"allow":["GET"]}}],"collection":[{"href":"https:\/\/ooh.urbanvision.com\/it\/wp-json\/wp\/v2\/pages"}],"about":[{"href":"https:\/\/ooh.urbanvision.com\/it\/wp-json\/wp\/v2\/types\/page"}],"author":[{"embeddable":true,"href":"https:\/\/ooh.urbanvision.com\/it\/wp-json\/wp\/v2\/users\/5"}],"replies":[{"embeddable":true,"href":"https:\/\/ooh.urbanvision.com\/it\/wp-json\/wp\/v2\/comments?post=2360"}],"version-history":[{"count":7,"href":"https:\/\/ooh.urbanvision.com\/it\/wp-json\/wp\/v2\/pages\/2360\/revisions"}],"predecessor-version":[{"id":2373,"href":"https:\/\/ooh.urbanvision.com\/it\/wp-json\/wp\/v2\/pages\/2360\/revisions\/2373"}],"wp:attachment":[{"href":"https:\/\/ooh.urbanvision.com\/it\/wp-json\/wp\/v2\/media?parent=2360"}],"curies":[{"name":"wp","href":"https:\/\/api.w.org\/{rel}","templated":true}]}}